{"id":2513,"date":"2016-03-09T06:45:35","date_gmt":"2016-03-09T06:45:35","guid":{"rendered":"https:\/\/electro.madrasthemes.com\/?page_id=2513"},"modified":"2026-01-23T08:20:11","modified_gmt":"2026-01-23T08:20:11","slug":"contact","status":"publish","type":"page","link":"https:\/\/simplo.ro\/index.php\/contact\/","title":{"rendered":"Pagina de contact"},"content":{"rendered":"<p>[vc_row css=&#8221;.vc_custom_1457506356430{padding-top: 25px !important;}&#8221;][vc_column width=&#8221;1\/2&#8243;][vc_column_text css=&#8221;.vc_custom_1769156207904{margin-bottom: 60px !important;}&#8221;]<\/p>\n<h2 class=\"contact-page-title\">Las\u0103-ne un mesaj<\/h2>\n<p>Comunicarea reprezint\u0103 leg\u0103tura special\u0103 pe care o avem cu clien\u021bii no\u0219tri. \u00cen calitate de posibil client,<br \/>\nte rug\u0103m s\u0103 ne contactezi folosind datele de contact sau complet\u00e2nd formularul.[\/vc_column_text]<style id=\"wpforms-css-vars-5222\">\n\t\t\t\t#wpforms-5222 {\n\t\t\t\t\n\t\t\t}\n\t\t\t<\/style><div class=\"wpforms-container wpforms-container-full wpforms-render-modern\" id=\"wpforms-5222\"><form id=\"wpforms-form-5222\" class=\"wpforms-validate wpforms-form\" data-formid=\"5222\" method=\"post\" enctype=\"multipart\/form-data\" action=\"\/index.php\/wp-json\/wp\/v2\/pages\/2513\" data-token=\"8dd61156eff84e6dcb95e8694bd69a7c\" data-token-time=\"1777554698\"><noscript class=\"wpforms-error-noscript\">Please enable JavaScript in your browser to complete this form.<\/noscript><div id=\"wpforms-error-noscript\" style=\"display: none;\">Please enable JavaScript in your browser to complete this form.<\/div><div class=\"wpforms-field-container\"><div id=\"wpforms-5222-field_0-container\" class=\"wpforms-field wpforms-field-name\" data-field-id=\"0\"><fieldset><legend class=\"wpforms-field-label\">Name <span class=\"wpforms-required-label\" aria-hidden=\"true\">*<\/span><\/legend><div class=\"wpforms-field-row wpforms-field-large\"><div class=\"wpforms-field-row-block wpforms-first wpforms-one-half\"><input type=\"text\" id=\"wpforms-5222-field_0\" class=\"wpforms-field-name-first wpforms-field-required\" name=\"wpforms[fields][0][first]\" placeholder=\"First Name\" aria-errormessage=\"wpforms-5222-field_0-error\" required><label for=\"wpforms-5222-field_0\" class=\"wpforms-field-sublabel after wpforms-sublabel-hide\">First<\/label><\/div><div class=\"wpforms-field-row-block wpforms-one-half\"><input type=\"text\" id=\"wpforms-5222-field_0-last\" class=\"wpforms-field-name-last wpforms-field-required\" name=\"wpforms[fields][0][last]\" placeholder=\"Last Name\" aria-errormessage=\"wpforms-5222-field_0-last-error\" required><label for=\"wpforms-5222-field_0-last\" class=\"wpforms-field-sublabel after wpforms-sublabel-hide\">Last<\/label><\/div><\/div><\/fieldset><\/div><div id=\"wpforms-5222-field_1-container\" class=\"wpforms-field wpforms-field-email\" data-field-id=\"1\"><label class=\"wpforms-field-label\" for=\"wpforms-5222-field_1\">Email <span class=\"wpforms-required-label\" aria-hidden=\"true\">*<\/span><\/label><input type=\"email\" id=\"wpforms-5222-field_1\" class=\"wpforms-field-large wpforms-field-required\" name=\"wpforms[fields][1]\" placeholder=\"Enter your email address\" spellcheck=\"false\" aria-errormessage=\"wpforms-5222-field_1-error\" required><\/div><div id=\"wpforms-5222-field_2-container\" class=\"wpforms-field wpforms-field-textarea\" data-field-id=\"2\"><label class=\"wpforms-field-label\" for=\"wpforms-5222-field_2\">Comment or Message <span class=\"wpforms-required-label\" aria-hidden=\"true\">*<\/span><\/label><textarea id=\"wpforms-5222-field_2\" class=\"wpforms-field-large wpforms-field-required\" name=\"wpforms[fields][2]\" aria-errormessage=\"wpforms-5222-field_2-error\" required><\/textarea><\/div><\/div><!-- .wpforms-field-container --><div class=\"wpforms-field wpforms-field-hp\"><label for=\"wpforms-5222-field-hp\" class=\"wpforms-field-label\">Name<\/label><input type=\"text\" name=\"wpforms[hp]\" id=\"wpforms-5222-field-hp\" class=\"wpforms-field-medium\"><\/div><div class=\"wpforms-submit-container\" ><input type=\"hidden\" name=\"wpforms[id]\" value=\"5222\"><input type=\"hidden\" name=\"page_title\" value=\"\"><input type=\"hidden\" name=\"page_url\" value=\"https:\/\/simplo.ro\/index.php\/wp-json\/wp\/v2\/pages\/2513\"><input type=\"hidden\" name=\"url_referer\" value=\"\"><button type=\"submit\" name=\"wpforms[submit]\" id=\"wpforms-submit-5222\" class=\"wpforms-submit\" data-alt-text=\"Sending...\" data-submit-text=\"Send Message\" aria-live=\"assertive\" value=\"wpforms-submit\">Send Message<\/button><\/div><\/form><\/div>  <!-- .wpforms-container -->[\/vc_column][vc_column width=&#8221;1\/2&#8243; el_class=&#8221;store-info store-info-v2&#8243;][vc_gmaps link=&#8221;#E-8_JTNDaWZyYW1lJTIwc3JjJTNEJTIyaHR0cHMlM0ElMkYlMkZ3d3cuZ29vZ2xlLmNvbSUyRm1hcHMlMkZlbWJlZCUzRnBiJTNEJTIxMW0xOCUyMTFtMTIlMjExbTMlMjExZDI4NDguNTQzNDkwODY2NzI4NSUyMTJkMjYuMDMwNDE3MjMwMTMzNjclMjEzZDQ0LjQ0MjUyNTY5NjI2ODU3NSUyMTJtMyUyMTFmMCUyMTJmMCUyMTNmMCUyMTNtMiUyMTFpMTAyNCUyMTJpNzY4JTIxNGYxMy4xJTIxM20zJTIxMW0yJTIxMXMweDQwYjIwMWJjZjZhOTQ2ODUlMjUzQTB4NDE5NTJmNDU1YzU0OTcwOSUyMTJzJTI1QzglMjU5OG9zZWF1YSUyNTIwVmlydHUlMjVDOCUyNTlCaWklMjUyMDE5ZCUyNTJDJTI1MjAwNjA3ODIlMjUyMEJ1Y3VyZSUyNUM4JTI1OTl0aSUyMTVlMCUyMTNtMiUyMTFzZW4lMjEyc3JvJTIxNHYxNzY5MTU2MzU4MTY3JTIxNW0yJTIxMXNlbiUyMTJzcm8lMjIlMjB3aWR0aCUzRCUyMjYwMCUyMiUyMGhlaWdodCUzRCUyMjQ1MCUyMiUyMHN0eWxlJTNEJTIyYm9yZGVyJTNBMCUyMiUyMGFsbG93ZnVsbHNjcmVlbiUyMiUzRSUzQyUyRmlmcmFtZSUzRQ==&#8221; size=&#8221;288px&#8221; el_class=&#8221;inner-left-xs&#8221; css=&#8221;.vc_custom_1769156407094{margin-bottom: 45px !important;}&#8221;][vc_column_text el_class=&#8221;inner-left-xs&#8221;]<\/p>\n<h2 class=\"contact-page-title\">Adresa noastr\u0103<\/h2>\n<p>WEB MEDIA CONCEPT SRL,\u00a0 sediul social \u00een Municipiul Bucure\u0219ti, Sector 6, \u0218os. Virtu\u021bii, Nr. 19D, Birou B, Romania<br \/>\nSupport 0727121919<br \/>\nEmail: contact[at]simplo.ro<\/p>\n<h3>Program<\/h3>\n<p><strong class=\"depTitle\">Comenzi si suport clienti<\/strong><\/p>\n<ul>\n<li><strong>Luni &#8211; Vineri<\/strong>: 09:00 &#8211; 18:00<\/li>\n<\/ul>\n<p><sup>Comenzile plasate\u00a0<strong>in afara programului de lucru<\/strong>\u00a0sau\u00a0<strong>in perioada sarbatorilor legale<\/strong>\u00a0vor fi procesate si confirmate\u00a0<strong>incepand cu prima zi lucratoare<\/strong>.<\/sup>[\/vc_column_text][\/vc_column][\/vc_row]<\/p>\n","protected":false},"excerpt":{"rendered":"<p>[vc_row css=&#8221;.vc_custom_1457506356430{padding-top: 25px !important;}&#8221;][vc_column width=&#8221;1\/2&#8243;][vc_column_text css=&#8221;.vc_custom_1769156207904{margin-bottom: 60px !important;}&#8221;] Las\u0103-ne un mesaj Comunicarea reprezint\u0103 leg\u0103tura special\u0103 pe care o avem cu clien\u021bii no\u0219tri. \u00cen calitate de posibil client, te rug\u0103m s\u0103<\/p>\n","protected":false},"author":1,"featured_media":0,"parent":0,"menu_order":0,"comment_status":"closed","ping_status":"closed","template":"","meta":{"_acf_changed":false,"footnotes":""},"class_list":["post-2513","page","type-page","status-publish","hentry"],"acf":[],"_links":{"self":[{"href":"https:\/\/simplo.ro\/index.php\/wp-json\/wp\/v2\/pages\/2513","targetHints":{"allow":["GET"]}}],"collection":[{"href":"https:\/\/simplo.ro\/index.php\/wp-json\/wp\/v2\/pages"}],"about":[{"href":"https:\/\/simplo.ro\/index.php\/wp-json\/wp\/v2\/types\/page"}],"author":[{"embeddable":true,"href":"https:\/\/simplo.ro\/index.php\/wp-json\/wp\/v2\/users\/1"}],"replies":[{"embeddable":true,"href":"https:\/\/simplo.ro\/index.php\/wp-json\/wp\/v2\/comments?post=2513"}],"version-history":[{"count":4,"href":"https:\/\/simplo.ro\/index.php\/wp-json\/wp\/v2\/pages\/2513\/revisions"}],"predecessor-version":[{"id":5393,"href":"https:\/\/simplo.ro\/index.php\/wp-json\/wp\/v2\/pages\/2513\/revisions\/5393"}],"wp:attachment":[{"href":"https:\/\/simplo.ro\/index.php\/wp-json\/wp\/v2\/media?parent=2513"}],"curies":[{"name":"wp","href":"https:\/\/api.w.org\/{rel}","templated":true}]}}