{"id":5351,"date":"2026-01-23T07:09:34","date_gmt":"2026-01-23T07:09:34","guid":{"rendered":"https:\/\/simplo.ro\/?page_id=5351"},"modified":"2026-01-23T07:58:41","modified_gmt":"2026-01-23T07:58:41","slug":"legal-politica-de-confidentialitate","status":"publish","type":"page","link":"https:\/\/simplo.ro\/index.php\/legal-politica-de-confidentialitate\/","title":{"rendered":"Legal &#8211; Politica de confiden\u021bialitate"},"content":{"rendered":"<p>[vc_row][vc_column][vc_column_text]<\/p>\n<h2 data-start=\"498\" data-end=\"515\">1. Introducere<\/h2>\n<p data-start=\"517\" data-end=\"890\">Prezenta Politic\u0103 de Confiden\u021bialitate descrie modul \u00een care WEB MEDIA CONCEPT SRL, cu sediul social \u00een Municipiul Bucure\u0219ti, Sector 6, \u0218os. Virtu\u021bii, Nr. 19D, Birou B, Romania, \u00eenregistrat\u0103 la Registrul Comer\u021bului sub nr. J2011011188401, CUI 29117735,\u00a0denumit\u0103 \u00een continuare <strong data-start=\"733\" data-end=\"747\">Operatorul<\/strong>, colecteaz\u0103, utilizeaz\u0103, stocheaz\u0103 \u0219i protejeaz\u0103 datele cu caracter personal ale utilizatorilor site-ului <strong data-start=\"854\" data-end=\"867\">simplo.ro<\/strong> \u0219i ale clien\u021bilor s\u0103i.<\/p>\n<p data-start=\"892\" data-end=\"924\">Operatorul respect\u0103 prevederile:<\/p>\n<ul data-start=\"925\" data-end=\"1052\">\n<li data-start=\"925\" data-end=\"962\">\n<p data-start=\"927\" data-end=\"962\">Regulamentului (UE) 2016\/679 (GDPR)<\/p>\n<\/li>\n<li data-start=\"963\" data-end=\"983\">\n<p data-start=\"965\" data-end=\"983\">Legii nr. 190\/2018<\/p>\n<\/li>\n<li data-start=\"984\" data-end=\"1052\">\n<p data-start=\"986\" data-end=\"1052\">legisla\u021biei na\u021bionale aplicabile \u00een domeniul comer\u021bului electronic<\/p>\n<\/li>\n<\/ul>\n<hr data-start=\"1054\" data-end=\"1057\" \/>\n<h2 data-start=\"1059\" data-end=\"1093\">2. Categorii de persoane vizate<\/h2>\n<p data-start=\"1095\" data-end=\"1146\">Prezenta politic\u0103 se aplic\u0103 urm\u0103toarelor categorii:<\/p>\n<ul data-start=\"1147\" data-end=\"1320\">\n<li data-start=\"1147\" data-end=\"1172\">\n<p data-start=\"1149\" data-end=\"1172\">vizitatori ai site-ului<\/p>\n<\/li>\n<li data-start=\"1173\" data-end=\"1204\">\n<p data-start=\"1175\" data-end=\"1204\">utilizatori care creeaz\u0103 cont<\/p>\n<\/li>\n<li data-start=\"1205\" data-end=\"1230\">\n<p data-start=\"1207\" data-end=\"1230\">clien\u021bi persoane fizice<\/p>\n<\/li>\n<li data-start=\"1231\" data-end=\"1278\">\n<p data-start=\"1233\" data-end=\"1278\">reprezentan\u021bi ai clien\u021bilor persoane juridice<\/p>\n<\/li>\n<li data-start=\"1279\" data-end=\"1320\">\n<p data-start=\"1281\" data-end=\"1320\">destinatari ai comunic\u0103rilor comerciale<\/p>\n<\/li>\n<\/ul>\n<hr data-start=\"1322\" data-end=\"1325\" \/>\n<h2 data-start=\"1327\" data-end=\"1378\">3. Tipuri de date cu caracter personal colectate<\/h2>\n<h3 data-start=\"1380\" data-end=\"1408\">3.1 Date de identificare<\/h3>\n<ul data-start=\"1409\" data-end=\"1508\">\n<li data-start=\"1409\" data-end=\"1426\">\n<p data-start=\"1411\" data-end=\"1426\">nume \u0219i prenume<\/p>\n<\/li>\n<li data-start=\"1427\" data-end=\"1458\">\n<p data-start=\"1429\" data-end=\"1458\">adres\u0103 de domiciliu \/ livrare<\/p>\n<\/li>\n<li data-start=\"1459\" data-end=\"1508\">\n<p data-start=\"1461\" data-end=\"1508\">CNP (doar unde este impus legal, ex. facturare)<\/p>\n<\/li>\n<\/ul>\n<h3 data-start=\"1510\" data-end=\"1533\">3.2 Date de contact<\/h3>\n<ul data-start=\"1534\" data-end=\"1571\">\n<li data-start=\"1534\" data-end=\"1552\">\n<p data-start=\"1536\" data-end=\"1552\">adres\u0103 de e-mail<\/p>\n<\/li>\n<li data-start=\"1553\" data-end=\"1571\">\n<p data-start=\"1555\" data-end=\"1571\">num\u0103r de telefon<\/p>\n<\/li>\n<\/ul>\n<h3 data-start=\"1573\" data-end=\"1596\">3.3 Date comerciale<\/h3>\n<ul data-start=\"1597\" data-end=\"1668\">\n<li data-start=\"1597\" data-end=\"1616\">\n<p data-start=\"1599\" data-end=\"1616\">produse comandate<\/p>\n<\/li>\n<li data-start=\"1617\" data-end=\"1634\">\n<p data-start=\"1619\" data-end=\"1634\">valoare comand\u0103<\/p>\n<\/li>\n<li data-start=\"1635\" data-end=\"1644\">\n<p data-start=\"1637\" data-end=\"1644\">facturi<\/p>\n<\/li>\n<li data-start=\"1645\" data-end=\"1655\">\n<p data-start=\"1647\" data-end=\"1655\">retururi<\/p>\n<\/li>\n<li data-start=\"1656\" data-end=\"1668\">\n<p data-start=\"1658\" data-end=\"1668\">reclama\u021bii<\/p>\n<\/li>\n<\/ul>\n<h3 data-start=\"1670\" data-end=\"1693\">3.4 Date financiare<\/h3>\n<ul data-start=\"1694\" data-end=\"1761\">\n<li data-start=\"1694\" data-end=\"1761\">\n<p data-start=\"1696\" data-end=\"1761\">metoda de plat\u0103<br \/>\n\u26a0\ufe0f Operatorul NU stocheaz\u0103 datele cardului bancar<\/p>\n<\/li>\n<\/ul>\n<h3 data-start=\"1763\" data-end=\"1783\">3.5 Date tehnice<\/h3>\n<ul data-start=\"1784\" data-end=\"1839\">\n<li data-start=\"1784\" data-end=\"1795\">\n<p data-start=\"1786\" data-end=\"1795\">adres\u0103 IP<\/p>\n<\/li>\n<li data-start=\"1796\" data-end=\"1805\">\n<p data-start=\"1798\" data-end=\"1805\">browser<\/p>\n<\/li>\n<li data-start=\"1806\" data-end=\"1825\">\n<p data-start=\"1808\" data-end=\"1825\">sistem de operare<\/p>\n<\/li>\n<li data-start=\"1826\" data-end=\"1839\">\n<p data-start=\"1828\" data-end=\"1839\">date cookie<\/p>\n<\/li>\n<\/ul>\n<hr data-start=\"1841\" data-end=\"1844\" \/>\n<h2 data-start=\"1846\" data-end=\"1881\">4. Scopurile prelucr\u0103rii datelor<\/h2>\n<p data-start=\"1883\" data-end=\"1929\">Datele sunt prelucrate \u00een urm\u0103toarele scopuri:<\/p>\n<ul data-start=\"1931\" data-end=\"2264\">\n<li data-start=\"1931\" data-end=\"1976\">\n<p data-start=\"1933\" data-end=\"1976\">crearea \u0219i administrarea contului de client<\/p>\n<\/li>\n<li data-start=\"1977\" data-end=\"2000\">\n<p data-start=\"1979\" data-end=\"2000\">procesarea comenzilor<\/p>\n<\/li>\n<li data-start=\"2001\" data-end=\"2029\">\n<p data-start=\"2003\" data-end=\"2029\">facturare \u0219i contabilitate<\/p>\n<\/li>\n<li data-start=\"2030\" data-end=\"2051\">\n<p data-start=\"2032\" data-end=\"2051\">livrarea produselor<\/p>\n<\/li>\n<li data-start=\"2052\" data-end=\"2095\">\n<p data-start=\"2054\" data-end=\"2095\">solu\u021bionarea retururilor \u0219i reclama\u021biilor<\/p>\n<\/li>\n<li data-start=\"2096\" data-end=\"2121\">\n<p data-start=\"2098\" data-end=\"2121\">comunicarea cu clientul<\/p>\n<\/li>\n<li data-start=\"2122\" data-end=\"2156\">\n<p data-start=\"2124\" data-end=\"2156\">\u00eendeplinirea obliga\u021biilor legale<\/p>\n<\/li>\n<li data-start=\"2157\" data-end=\"2198\">\n<p data-start=\"2159\" data-end=\"2198\">marketing direct (doar cu consim\u021b\u0103m\u00e2nt)<\/p>\n<\/li>\n<li data-start=\"2199\" data-end=\"2221\">\n<p data-start=\"2201\" data-end=\"2221\">prevenirea fraudelor<\/p>\n<\/li>\n<li data-start=\"2222\" data-end=\"2264\">\n<p data-start=\"2224\" data-end=\"2264\">\u00eembun\u0103t\u0103\u021birea experien\u021bei utilizatorului<\/p>\n<\/li>\n<\/ul>\n<hr data-start=\"2266\" data-end=\"2269\" \/>\n<h2 data-start=\"2271\" data-end=\"2305\">5. Temeiul legal al prelucr\u0103rii<\/h2>\n<p data-start=\"2307\" data-end=\"2398\">Prelucrarea se realizeaz\u0103 \u00een baza unuia sau mai multora dintre urm\u0103toarele temeiuri legale:<\/p>\n<ul data-start=\"2400\" data-end=\"2512\">\n<li data-start=\"2400\" data-end=\"2425\">\n<p data-start=\"2402\" data-end=\"2425\">executarea contractului<\/p>\n<\/li>\n<li data-start=\"2426\" data-end=\"2444\">\n<p data-start=\"2428\" data-end=\"2444\">obliga\u021bie legal\u0103<\/p>\n<\/li>\n<li data-start=\"2445\" data-end=\"2478\">\n<p data-start=\"2447\" data-end=\"2478\">interes legitim al Operatorului<\/p>\n<\/li>\n<li data-start=\"2479\" data-end=\"2512\">\n<p data-start=\"2481\" data-end=\"2512\">consim\u021b\u0103m\u00e2ntul persoanei vizate<\/p>\n<\/li>\n<\/ul>\n<hr data-start=\"2514\" data-end=\"2517\" \/>\n<h2 data-start=\"2519\" data-end=\"2545\">6. Destinatarii datelor<\/h2>\n<p data-start=\"2547\" data-end=\"2611\">Datele pot fi comunicate, strict \u00een scopurile men\u021bionate, c\u0103tre:<\/p>\n<ul data-start=\"2613\" data-end=\"2826\">\n<li data-start=\"2613\" data-end=\"2658\">\n<p data-start=\"2615\" data-end=\"2658\">furnizori de servicii logistice \u0219i curierat<\/p>\n<\/li>\n<li data-start=\"2659\" data-end=\"2685\">\n<p data-start=\"2661\" data-end=\"2685\">furnizori de servicii IT<\/p>\n<\/li>\n<li data-start=\"2686\" data-end=\"2708\">\n<p data-start=\"2688\" data-end=\"2708\">procesatori de pl\u0103\u021bi<\/p>\n<\/li>\n<li data-start=\"2709\" data-end=\"2745\">\n<p data-start=\"2711\" data-end=\"2745\">furnizori de servicii de facturare<\/p>\n<\/li>\n<li data-start=\"2746\" data-end=\"2784\">\n<p data-start=\"2748\" data-end=\"2784\">marketplace-uri partenere (ex. eMAG)<\/p>\n<\/li>\n<li data-start=\"2785\" data-end=\"2826\">\n<p data-start=\"2787\" data-end=\"2826\">autorit\u0103\u021bi publice, c\u00e2nd legea o impune<\/p>\n<\/li>\n<\/ul>\n<p data-start=\"2828\" data-end=\"2924\">To\u021bi partenerii sunt obliga\u021bi contractual s\u0103 respecte confiden\u021bialitatea \u0219i securitatea datelor.<\/p>\n<hr data-start=\"2926\" data-end=\"2929\" \/>\n<h2 data-start=\"2931\" data-end=\"2968\">7. Transferuri de date \u00een afara UE<\/h2>\n<p data-start=\"2970\" data-end=\"3079\">\u00cen cadrul activit\u0103\u021bii de dropshipping, anumite date pot fi transferate c\u0103tre furnizori din Uniunea European\u0103.<\/p>\n<p data-start=\"3081\" data-end=\"3198\">Operatorul NU transfer\u0103 date cu caracter personal c\u0103tre state ter\u021be din afara UE f\u0103r\u0103 garan\u021bii adecvate conform GDPR.<\/p>\n<hr data-start=\"3200\" data-end=\"3203\" \/>\n<h2 data-start=\"3205\" data-end=\"3238\">8. Durata de stocare a datelor<\/h2>\n<p data-start=\"3240\" data-end=\"3260\">Datele sunt stocate:<\/p>\n<ul data-start=\"3261\" data-end=\"3470\">\n<li data-start=\"3261\" data-end=\"3292\">\n<p data-start=\"3263\" data-end=\"3292\">pe durata existen\u021bei contului<\/p>\n<\/li>\n<li data-start=\"3293\" data-end=\"3337\">\n<p data-start=\"3295\" data-end=\"3337\">pe durata necesar\u0103 execut\u0103rii contractului<\/p>\n<\/li>\n<li data-start=\"3338\" data-end=\"3413\">\n<p data-start=\"3340\" data-end=\"3413\">conform termenelor legale de arhivare (ex. documente financiar-contabile)<\/p>\n<\/li>\n<li data-start=\"3414\" data-end=\"3470\">\n<p data-start=\"3416\" data-end=\"3470\">p\u00e2n\u0103 la retragerea consim\u021b\u0103m\u00e2ntului (pentru marketing)<\/p>\n<\/li>\n<\/ul>\n<p data-start=\"3472\" data-end=\"3534\">Dup\u0103 expirarea termenelor, datele sunt \u0219terse sau anonimizate.<\/p>\n<hr data-start=\"3536\" data-end=\"3539\" \/>\n<h2 data-start=\"3541\" data-end=\"3576\">9. Drepturile persoanelor vizate<\/h2>\n<p data-start=\"3578\" data-end=\"3628\">Conform GDPR, beneficia\u021bi de urm\u0103toarele drepturi:<\/p>\n<ul data-start=\"3630\" data-end=\"3972\">\n<li data-start=\"3630\" data-end=\"3652\">\n<p data-start=\"3632\" data-end=\"3652\">dreptul la informare<\/p>\n<\/li>\n<li data-start=\"3653\" data-end=\"3671\">\n<p data-start=\"3655\" data-end=\"3671\">dreptul de acces<\/p>\n<\/li>\n<li data-start=\"3672\" data-end=\"3696\">\n<p data-start=\"3674\" data-end=\"3696\">dreptul la rectificare<\/p>\n<\/li>\n<li data-start=\"3697\" data-end=\"3744\">\n<p data-start=\"3699\" data-end=\"3744\">dreptul la \u0219tergere (\u201edreptul de a fi uitat\u201d)<\/p>\n<\/li>\n<li data-start=\"3745\" data-end=\"3785\">\n<p data-start=\"3747\" data-end=\"3785\">dreptul la restric\u021bionarea prelucr\u0103rii<\/p>\n<\/li>\n<li data-start=\"3786\" data-end=\"3821\">\n<p data-start=\"3788\" data-end=\"3821\">dreptul la portabilitatea datelor<\/p>\n<\/li>\n<li data-start=\"3822\" data-end=\"3843\">\n<p data-start=\"3824\" data-end=\"3843\">dreptul la opozi\u021bie<\/p>\n<\/li>\n<li data-start=\"3844\" data-end=\"3892\">\n<p data-start=\"3846\" data-end=\"3892\">dreptul de a nu fi supus unei decizii automate<\/p>\n<\/li>\n<li data-start=\"3893\" data-end=\"3930\">\n<p data-start=\"3895\" data-end=\"3930\">dreptul de a retrage consim\u021b\u0103m\u00e2ntul<\/p>\n<\/li>\n<li data-start=\"3931\" data-end=\"3972\">\n<p data-start=\"3933\" data-end=\"3972\">dreptul de a depune pl\u00e2ngere la ANSPDCP<\/p>\n<\/li>\n<\/ul>\n<hr data-start=\"3974\" data-end=\"3977\" \/>\n<h2 data-start=\"3979\" data-end=\"4009\">10. Exercitarea drepturilor<\/h2>\n<p data-start=\"4011\" data-end=\"4098\">Pentru exercitarea drepturilor, persoana vizat\u0103 poate transmite o solicitare scris\u0103 la:<\/p>\n<p data-start=\"4100\" data-end=\"4167\">\ud83d\udce7 E-mail: <strong data-start=\"4111\" data-end=\"4132\"><a class=\"decorated-link cursor-pointer\" rel=\"noopener\" data-start=\"4113\" data-end=\"4130\">contact[at]simplo.ro<\/a><\/strong><br data-start=\"4132\" data-end=\"4135\" \/>\ud83d\udccd Adres\u0103: Municipiul Bucure\u0219ti, Sector 6, \u0218os. Virtu\u021bii, Nr. 19D, Birou B, Romania<\/p>\n<p data-start=\"4169\" data-end=\"4234\">Solicit\u0103rile vor fi solu\u021bionate \u00een termen de maximum <strong data-start=\"4222\" data-end=\"4233\">30 zile<\/strong>.<\/p>\n<hr data-start=\"4236\" data-end=\"4239\" \/>\n<h2 data-start=\"4241\" data-end=\"4268\">11. M\u0103suri de securitate<\/h2>\n<p data-start=\"4270\" data-end=\"4373\">Operatorul implementeaz\u0103 m\u0103suri tehnice \u0219i organizatorice adecvate pentru protejarea datelor, inclusiv:<\/p>\n<ul data-start=\"4374\" data-end=\"4465\">\n<li data-start=\"4374\" data-end=\"4391\">\n<p data-start=\"4376\" data-end=\"4391\">acces securizat<\/p>\n<\/li>\n<li data-start=\"4392\" data-end=\"4402\">\n<p data-start=\"4394\" data-end=\"4402\">criptare<\/p>\n<\/li>\n<li data-start=\"4403\" data-end=\"4413\">\n<p data-start=\"4405\" data-end=\"4413\">firewall<\/p>\n<\/li>\n<li data-start=\"4414\" data-end=\"4448\">\n<p data-start=\"4416\" data-end=\"4448\">limitarea accesului personalului<\/p>\n<\/li>\n<li data-start=\"4449\" data-end=\"4465\">\n<p data-start=\"4451\" data-end=\"4465\">audit periodic<\/p>\n<\/li>\n<\/ul>\n<hr data-start=\"4467\" data-end=\"4470\" \/>\n<h2 data-start=\"4472\" data-end=\"4489\">12. Cookie-uri<\/h2>\n<p data-start=\"4491\" data-end=\"4528\">Site-ul utilizeaz\u0103 cookie-uri pentru:<\/p>\n<ul data-start=\"4529\" data-end=\"4627\">\n<li data-start=\"4529\" data-end=\"4550\">\n<p data-start=\"4531\" data-end=\"4550\">func\u021bionare corect\u0103<\/p>\n<\/li>\n<li data-start=\"4551\" data-end=\"4567\">\n<p data-start=\"4553\" data-end=\"4567\">analiz\u0103 trafic<\/p>\n<\/li>\n<li data-start=\"4568\" data-end=\"4592\">\n<p data-start=\"4570\" data-end=\"4592\">personalizare con\u021binut<\/p>\n<\/li>\n<li data-start=\"4593\" data-end=\"4627\">\n<p data-start=\"4595\" data-end=\"4627\">marketing (doar cu consim\u021b\u0103m\u00e2nt)<\/p>\n<\/li>\n<\/ul>\n<p data-start=\"4629\" data-end=\"4702\">Detalii complete sunt disponibile \u00een <strong data-start=\"4666\" data-end=\"4692\">Politica de Cookie-uri<\/strong> separat\u0103.<\/p>\n<hr data-start=\"4704\" data-end=\"4707\" \/>\n<h2 data-start=\"4709\" data-end=\"4750\">13. Marketing \u0219i comunic\u0103ri comerciale<\/h2>\n<p data-start=\"4752\" data-end=\"4791\">Comunic\u0103rile comerciale sunt transmise:<\/p>\n<ul data-start=\"4792\" data-end=\"4873\">\n<li data-start=\"4792\" data-end=\"4825\">\n<p data-start=\"4794\" data-end=\"4825\">doar cu consim\u021b\u0103m\u00e2ntul explicit<\/p>\n<\/li>\n<li data-start=\"4826\" data-end=\"4873\">\n<p data-start=\"4828\" data-end=\"4873\">cu posibilitate de dezabonare \u00een orice moment<\/p>\n<\/li>\n<\/ul>\n<p data-start=\"4875\" data-end=\"4940\">Retragerea consim\u021b\u0103m\u00e2ntului nu afecteaz\u0103 prelucr\u0103rile anterioare.<\/p>\n<hr data-start=\"4942\" data-end=\"4945\" \/>\n<h2 data-start=\"4947\" data-end=\"4960\">14. Minori<\/h2>\n<p data-start=\"4962\" data-end=\"5060\">Site-ul nu este destinat persoanelor sub 18 ani.<br data-start=\"5010\" data-end=\"5013\" \/>Nu colect\u0103m cu bun\u0103 \u0219tiin\u021b\u0103 date ale minorilor.<\/p>\n<hr data-start=\"5062\" data-end=\"5065\" \/>\n<h2 data-start=\"5067\" data-end=\"5098\">15. Modific\u0103ri ale politicii<\/h2>\n<p data-start=\"5100\" data-end=\"5212\">Operatorul \u00ee\u0219i rezerv\u0103 dreptul de a modifica prezenta politic\u0103.<br data-start=\"5163\" data-end=\"5166\" \/>Versiunea actualizat\u0103 va fi publicat\u0103 pe site.<\/p>\n<hr data-start=\"5214\" data-end=\"5217\" \/>\n<h2 data-start=\"5219\" data-end=\"5263\">16. Contact \u0219i autoritate de supraveghere<\/h2>\n<p data-start=\"5265\" data-end=\"5324\">Autoritatea competent\u0103:<br \/>\n<strong data-start=\"5289\" data-end=\"5324\">ANSPDCP \u2013 <a class=\"decorated-link cursor-pointer\" target=\"_new\" rel=\"noopener\" data-start=\"5301\" data-end=\"5322\">www.dataprotection.ro<\/a><\/strong><\/p>\n<p>[\/vc_column_text][\/vc_column][\/vc_row]<\/p>\n","protected":false},"excerpt":{"rendered":"<p>[vc_row][vc_column][vc_column_text] 1. Introducere Prezenta Politic\u0103 de Confiden\u021bialitate descrie modul \u00een care WEB MEDIA CONCEPT SRL, cu sediul social \u00een Municipiul Bucure\u0219ti, Sector 6, \u0218os. Virtu\u021bii, Nr. 19D, Birou B, Romania,<\/p>\n","protected":false},"author":1,"featured_media":0,"parent":0,"menu_order":0,"comment_status":"closed","ping_status":"closed","template":"","meta":{"_acf_changed":false,"footnotes":""},"class_list":["post-5351","page","type-page","status-publish","hentry"],"acf":[],"_links":{"self":[{"href":"https:\/\/simplo.ro\/index.php\/wp-json\/wp\/v2\/pages\/5351","targetHints":{"allow":["GET"]}}],"collection":[{"href":"https:\/\/simplo.ro\/index.php\/wp-json\/wp\/v2\/pages"}],"about":[{"href":"https:\/\/simplo.ro\/index.php\/wp-json\/wp\/v2\/types\/page"}],"author":[{"embeddable":true,"href":"https:\/\/simplo.ro\/index.php\/wp-json\/wp\/v2\/users\/1"}],"replies":[{"embeddable":true,"href":"https:\/\/simplo.ro\/index.php\/wp-json\/wp\/v2\/comments?post=5351"}],"version-history":[{"count":4,"href":"https:\/\/simplo.ro\/index.php\/wp-json\/wp\/v2\/pages\/5351\/revisions"}],"predecessor-version":[{"id":5381,"href":"https:\/\/simplo.ro\/index.php\/wp-json\/wp\/v2\/pages\/5351\/revisions\/5381"}],"wp:attachment":[{"href":"https:\/\/simplo.ro\/index.php\/wp-json\/wp\/v2\/media?parent=5351"}],"curies":[{"name":"wp","href":"https:\/\/api.w.org\/{rel}","templated":true}]}}