{"id":5357,"date":"2026-01-23T07:10:32","date_gmt":"2026-01-23T07:10:32","guid":{"rendered":"https:\/\/simplo.ro\/?page_id=5357"},"modified":"2026-01-23T07:58:06","modified_gmt":"2026-01-23T07:58:06","slug":"legal-politica-gdpr","status":"publish","type":"page","link":"https:\/\/simplo.ro\/index.php\/legal-politica-gdpr\/","title":{"rendered":"Legal &#8211; Politica GDPR"},"content":{"rendered":"<p>[vc_row][vc_column][vc_column_text]<\/p>\n<h2 data-start=\"472\" data-end=\"496\">1. Operatorul de date<\/h2>\n<p data-start=\"498\" data-end=\"721\">Operatorul datelor cu caracter personal este WEB MEDIA CONCEPT SRL, cu sediul social \u00een Municipiul Bucure\u0219ti, Sector 6, \u0218os. Virtu\u021bii, Nr. 19D, Birou B, Romania, \u00eenregistrat\u0103 la Registrul Comer\u021bului sub nr. J2011011188401, CUI 29117735, denumit\u0103 \u00een continuare <strong data-start=\"706\" data-end=\"720\">Operatorul<\/strong>.<\/p>\n<p data-start=\"723\" data-end=\"765\">Operatorul respect\u0103 integral dispozi\u021biile:<\/p>\n<ul data-start=\"766\" data-end=\"881\">\n<li data-start=\"766\" data-end=\"803\">\n<p data-start=\"768\" data-end=\"803\">Regulamentului (UE) 2016\/679 (GDPR)<\/p>\n<\/li>\n<li data-start=\"804\" data-end=\"824\">\n<p data-start=\"806\" data-end=\"824\">Legii nr. 190\/2018<\/p>\n<\/li>\n<li data-start=\"825\" data-end=\"881\">\n<p data-start=\"827\" data-end=\"881\">legisla\u021biei na\u021bionale aplicabile comer\u021bului electronic<\/p>\n<\/li>\n<\/ul>\n<hr data-start=\"883\" data-end=\"886\" \/>\n<h2 data-start=\"888\" data-end=\"914\">2. Domeniul de aplicare<\/h2>\n<p data-start=\"916\" data-end=\"1055\">Prezenta Politic\u0103 GDPR se aplic\u0103 tuturor activit\u0103\u021bilor de prelucrare a datelor cu caracter personal realizate de Operator prin intermediul:<\/p>\n<ul data-start=\"1056\" data-end=\"1227\">\n<li data-start=\"1056\" data-end=\"1081\">\n<p data-start=\"1058\" data-end=\"1081\">site-ului <strong data-start=\"1068\" data-end=\"1081\">simplo.ro<\/strong><\/p>\n<\/li>\n<li data-start=\"1082\" data-end=\"1181\">\n<p data-start=\"1084\" data-end=\"1181\">comenzilor plasate prin marketplace-uri partenere (ex. <strong data-start=\"1139\" data-end=\"1180\"><span class=\"hover:entity-accent entity-underline inline cursor-pointer align-baseline\"><span class=\"whitespace-normal\">eMAG Marketplace<\/span><\/span><\/strong>)<\/p>\n<\/li>\n<li data-start=\"1182\" data-end=\"1227\">\n<p data-start=\"1184\" data-end=\"1227\">comunic\u0103rilor electronice (e-mail, telefon)<\/p>\n<\/li>\n<\/ul>\n<hr data-start=\"1229\" data-end=\"1232\" \/>\n<h2 data-start=\"1234\" data-end=\"1263\">3. Principii de prelucrare<\/h2>\n<p data-start=\"1265\" data-end=\"1346\">Operatorul prelucreaz\u0103 datele personale \u00een conformitate cu urm\u0103toarele principii:<\/p>\n<ul data-start=\"1347\" data-end=\"1533\">\n<li data-start=\"1347\" data-end=\"1385\">\n<p data-start=\"1349\" data-end=\"1385\">legalitate, echitate \u0219i transparen\u021b\u0103<\/p>\n<\/li>\n<li data-start=\"1386\" data-end=\"1406\">\n<p data-start=\"1388\" data-end=\"1406\">limitarea scopului<\/p>\n<\/li>\n<li data-start=\"1407\" data-end=\"1428\">\n<p data-start=\"1409\" data-end=\"1428\">minimizarea datelor<\/p>\n<\/li>\n<li data-start=\"1429\" data-end=\"1441\">\n<p data-start=\"1431\" data-end=\"1441\">exactitate<\/p>\n<\/li>\n<li data-start=\"1442\" data-end=\"1462\">\n<p data-start=\"1444\" data-end=\"1462\">limitarea stoc\u0103rii<\/p>\n<\/li>\n<li data-start=\"1463\" data-end=\"1497\">\n<p data-start=\"1465\" data-end=\"1497\">integritate \u0219i confiden\u021bialitate<\/p>\n<\/li>\n<li data-start=\"1498\" data-end=\"1533\">\n<p data-start=\"1500\" data-end=\"1533\">responsabilitate (accountability)<\/p>\n<\/li>\n<\/ul>\n<hr data-start=\"1535\" data-end=\"1538\" \/>\n<h2 data-start=\"1540\" data-end=\"1574\">4. Categorii de date prelucrate<\/h2>\n<h3 data-start=\"1576\" data-end=\"1604\">4.1 Date de identificare<\/h3>\n<ul data-start=\"1605\" data-end=\"1689\">\n<li data-start=\"1605\" data-end=\"1622\">\n<p data-start=\"1607\" data-end=\"1622\">nume \u0219i prenume<\/p>\n<\/li>\n<li data-start=\"1623\" data-end=\"1654\">\n<p data-start=\"1625\" data-end=\"1654\">adres\u0103 de livrare \/ facturare<\/p>\n<\/li>\n<li data-start=\"1655\" data-end=\"1689\">\n<p data-start=\"1657\" data-end=\"1689\">CNP (doar dac\u0103 este impus legal)<\/p>\n<\/li>\n<\/ul>\n<h3 data-start=\"1691\" data-end=\"1714\">4.2 Date de contact<\/h3>\n<ul data-start=\"1715\" data-end=\"1752\">\n<li data-start=\"1715\" data-end=\"1733\">\n<p data-start=\"1717\" data-end=\"1733\">adres\u0103 de e-mail<\/p>\n<\/li>\n<li data-start=\"1734\" data-end=\"1752\">\n<p data-start=\"1736\" data-end=\"1752\">num\u0103r de telefon<\/p>\n<\/li>\n<\/ul>\n<h3 data-start=\"1754\" data-end=\"1777\">4.3 Date comerciale<\/h3>\n<ul data-start=\"1778\" data-end=\"1831\">\n<li data-start=\"1778\" data-end=\"1787\">\n<p data-start=\"1780\" data-end=\"1787\">comenzi<\/p>\n<\/li>\n<li data-start=\"1788\" data-end=\"1797\">\n<p data-start=\"1790\" data-end=\"1797\">facturi<\/p>\n<\/li>\n<li data-start=\"1798\" data-end=\"1808\">\n<p data-start=\"1800\" data-end=\"1808\">retururi<\/p>\n<\/li>\n<li data-start=\"1809\" data-end=\"1818\">\n<p data-start=\"1811\" data-end=\"1818\">anul\u0103ri<\/p>\n<\/li>\n<li data-start=\"1819\" data-end=\"1831\">\n<p data-start=\"1821\" data-end=\"1831\">reclama\u021bii<\/p>\n<\/li>\n<\/ul>\n<h3 data-start=\"1833\" data-end=\"1853\">4.4 Date tehnice<\/h3>\n<ul data-start=\"1854\" data-end=\"1913\">\n<li data-start=\"1854\" data-end=\"1865\">\n<p data-start=\"1856\" data-end=\"1865\">adres\u0103 IP<\/p>\n<\/li>\n<li data-start=\"1866\" data-end=\"1879\">\n<p data-start=\"1868\" data-end=\"1879\">tip browser<\/p>\n<\/li>\n<li data-start=\"1880\" data-end=\"1899\">\n<p data-start=\"1882\" data-end=\"1899\">sistem de operare<\/p>\n<\/li>\n<li data-start=\"1900\" data-end=\"1913\">\n<p data-start=\"1902\" data-end=\"1913\">date cookie<\/p>\n<\/li>\n<\/ul>\n<h3 data-start=\"1915\" data-end=\"1938\">4.5 Date financiare<\/h3>\n<ul data-start=\"1939\" data-end=\"2005\">\n<li data-start=\"1939\" data-end=\"2005\">\n<p data-start=\"1941\" data-end=\"2005\">metoda de plat\u0103<br data-start=\"1956\" data-end=\"1959\" \/>\u26a0\ufe0f Operatorul NU stocheaz\u0103 date de card bancar<\/p>\n<\/li>\n<\/ul>\n<hr data-start=\"2007\" data-end=\"2010\" \/>\n<h2 data-start=\"2012\" data-end=\"2039\">5. Scopurile prelucr\u0103rii<\/h2>\n<p data-start=\"2041\" data-end=\"2108\">Datele cu caracter personal sunt prelucrate \u00een urm\u0103toarele scopuri:<\/p>\n<ul data-start=\"2109\" data-end=\"2401\">\n<li data-start=\"2109\" data-end=\"2149\">\n<p data-start=\"2111\" data-end=\"2149\">\u00eenregistrarea \u0219i procesarea comenzilor<\/p>\n<\/li>\n<li data-start=\"2150\" data-end=\"2171\">\n<p data-start=\"2152\" data-end=\"2171\">livrarea produselor<\/p>\n<\/li>\n<li data-start=\"2172\" data-end=\"2206\">\n<p data-start=\"2174\" data-end=\"2206\">facturare \u0219i obliga\u021bii contabile<\/p>\n<\/li>\n<li data-start=\"2207\" data-end=\"2246\">\n<p data-start=\"2209\" data-end=\"2246\">gestionarea retururilor \u0219i anul\u0103rilor<\/p>\n<\/li>\n<li data-start=\"2247\" data-end=\"2272\">\n<p data-start=\"2249\" data-end=\"2272\">comunicarea cu clien\u021bii<\/p>\n<\/li>\n<li data-start=\"2273\" data-end=\"2301\">\n<p data-start=\"2275\" data-end=\"2301\">solu\u021bionarea reclama\u021biilor<\/p>\n<\/li>\n<li data-start=\"2302\" data-end=\"2324\">\n<p data-start=\"2304\" data-end=\"2324\">prevenirea fraudelor<\/p>\n<\/li>\n<li data-start=\"2325\" data-end=\"2359\">\n<p data-start=\"2327\" data-end=\"2359\">\u00eendeplinirea obliga\u021biilor legale<\/p>\n<\/li>\n<li data-start=\"2360\" data-end=\"2401\">\n<p data-start=\"2362\" data-end=\"2401\">marketing direct (doar cu consim\u021b\u0103m\u00e2nt)<\/p>\n<\/li>\n<\/ul>\n<hr data-start=\"2403\" data-end=\"2406\" \/>\n<h2 data-start=\"2408\" data-end=\"2442\">6. Temeiul legal al prelucr\u0103rii<\/h2>\n<p data-start=\"2444\" data-end=\"2536\">Prelucrarea datelor se realizeaz\u0103 \u00een baza unuia sau mai multora dintre urm\u0103toarele temeiuri:<\/p>\n<ul data-start=\"2537\" data-end=\"2738\">\n<li data-start=\"2537\" data-end=\"2593\">\n<p data-start=\"2539\" data-end=\"2593\">art. 6 alin. (1) lit. b GDPR \u2013 executarea contractului<\/p>\n<\/li>\n<li data-start=\"2594\" data-end=\"2643\">\n<p data-start=\"2596\" data-end=\"2643\">art. 6 alin. (1) lit. c GDPR \u2013 obliga\u021bie legal\u0103<\/p>\n<\/li>\n<li data-start=\"2644\" data-end=\"2692\">\n<p data-start=\"2646\" data-end=\"2692\">art. 6 alin. (1) lit. f GDPR \u2013 interes legitim<\/p>\n<\/li>\n<li data-start=\"2693\" data-end=\"2738\">\n<p data-start=\"2695\" data-end=\"2738\">art. 6 alin. (1) lit. a GDPR \u2013 consim\u021b\u0103m\u00e2nt<\/p>\n<\/li>\n<\/ul>\n<hr data-start=\"2740\" data-end=\"2743\" \/>\n<h2 data-start=\"2745\" data-end=\"2771\">7. Destinatarii datelor<\/h2>\n<p data-start=\"2773\" data-end=\"2836\">Datele pot fi transmise, strict \u00een scopurile men\u021bionate, c\u0103tre:<\/p>\n<ul data-start=\"2837\" data-end=\"3068\">\n<li data-start=\"2837\" data-end=\"2872\">\n<p data-start=\"2839\" data-end=\"2872\">furnizori de servicii de curierat<\/p>\n<\/li>\n<li data-start=\"2873\" data-end=\"2912\">\n<p data-start=\"2875\" data-end=\"2912\">furnizori logistici (dropshipping UE)<\/p>\n<\/li>\n<li data-start=\"2913\" data-end=\"2938\">\n<p data-start=\"2915\" data-end=\"2938\">furnizori IT \u0219i hosting<\/p>\n<\/li>\n<li data-start=\"2939\" data-end=\"2961\">\n<p data-start=\"2941\" data-end=\"2961\">procesatori de pl\u0103\u021bi<\/p>\n<\/li>\n<li data-start=\"2962\" data-end=\"2998\">\n<p data-start=\"2964\" data-end=\"2998\">furnizori de servicii de facturare<\/p>\n<\/li>\n<li data-start=\"2999\" data-end=\"3026\">\n<p data-start=\"3001\" data-end=\"3026\">marketplace-uri partenere<\/p>\n<\/li>\n<li data-start=\"3027\" data-end=\"3068\">\n<p data-start=\"3029\" data-end=\"3068\">autorit\u0103\u021bi publice, c\u00e2nd legea o impune<\/p>\n<\/li>\n<\/ul>\n<p data-start=\"3070\" data-end=\"3167\">To\u021bi destinatarii sunt obliga\u021bi contractual s\u0103 asigure confiden\u021bialitatea \u0219i securitatea datelor.<\/p>\n<hr data-start=\"3169\" data-end=\"3172\" \/>\n<h2 data-start=\"3174\" data-end=\"3214\">8. Transferuri interna\u021bionale de date<\/h2>\n<p data-start=\"3216\" data-end=\"3327\">\u00cen cadrul activit\u0103\u021bilor de dropshipping, datele pot fi transferate <strong data-start=\"3283\" data-end=\"3326\">exclusiv \u00een interiorul Uniunii Europene<\/strong>.<\/p>\n<p data-start=\"3329\" data-end=\"3498\">Operatorul NU transfer\u0103 date cu caracter personal c\u0103tre state ter\u021be din afara UE f\u0103r\u0103 garan\u021bii adecvate conform GDPR (clauze contractuale standard, decizii de adecvare).<\/p>\n<hr data-start=\"3500\" data-end=\"3503\" \/>\n<h2 data-start=\"3505\" data-end=\"3528\">9. Durata de stocare<\/h2>\n<p data-start=\"3530\" data-end=\"3550\">Datele sunt stocate:<\/p>\n<ul data-start=\"3551\" data-end=\"3728\">\n<li data-start=\"3551\" data-end=\"3595\">\n<p data-start=\"3553\" data-end=\"3595\">pe durata existen\u021bei rela\u021biei contractuale<\/p>\n<\/li>\n<li data-start=\"3596\" data-end=\"3671\">\n<p data-start=\"3598\" data-end=\"3671\">conform termenelor legale de arhivare (ex. documente financiar-contabile)<\/p>\n<\/li>\n<li data-start=\"3672\" data-end=\"3728\">\n<p data-start=\"3674\" data-end=\"3728\">p\u00e2n\u0103 la retragerea consim\u021b\u0103m\u00e2ntului (pentru marketing)<\/p>\n<\/li>\n<\/ul>\n<p data-start=\"3730\" data-end=\"3792\">Dup\u0103 expirarea termenelor, datele sunt \u0219terse sau anonimizate.<\/p>\n<hr data-start=\"3794\" data-end=\"3797\" \/>\n<h2 data-start=\"3799\" data-end=\"3835\">10. Drepturile persoanelor vizate<\/h2>\n<p data-start=\"3837\" data-end=\"3905\">Conform GDPR, persoanele vizate beneficiaz\u0103 de urm\u0103toarele drepturi:<\/p>\n<ul data-start=\"3906\" data-end=\"4248\">\n<li data-start=\"3906\" data-end=\"3928\">\n<p data-start=\"3908\" data-end=\"3928\">dreptul la informare<\/p>\n<\/li>\n<li data-start=\"3929\" data-end=\"3947\">\n<p data-start=\"3931\" data-end=\"3947\">dreptul de acces<\/p>\n<\/li>\n<li data-start=\"3948\" data-end=\"3972\">\n<p data-start=\"3950\" data-end=\"3972\">dreptul la rectificare<\/p>\n<\/li>\n<li data-start=\"3973\" data-end=\"4020\">\n<p data-start=\"3975\" data-end=\"4020\">dreptul la \u0219tergere (\u201edreptul de a fi uitat\u201d)<\/p>\n<\/li>\n<li data-start=\"4021\" data-end=\"4061\">\n<p data-start=\"4023\" data-end=\"4061\">dreptul la restric\u021bionarea prelucr\u0103rii<\/p>\n<\/li>\n<li data-start=\"4062\" data-end=\"4097\">\n<p data-start=\"4064\" data-end=\"4097\">dreptul la portabilitatea datelor<\/p>\n<\/li>\n<li data-start=\"4098\" data-end=\"4119\">\n<p data-start=\"4100\" data-end=\"4119\">dreptul la opozi\u021bie<\/p>\n<\/li>\n<li data-start=\"4120\" data-end=\"4168\">\n<p data-start=\"4122\" data-end=\"4168\">dreptul de a nu fi supus unei decizii automate<\/p>\n<\/li>\n<li data-start=\"4169\" data-end=\"4206\">\n<p data-start=\"4171\" data-end=\"4206\">dreptul de a retrage consim\u021b\u0103m\u00e2ntul<\/p>\n<\/li>\n<li data-start=\"4207\" data-end=\"4248\">\n<p data-start=\"4209\" data-end=\"4248\">dreptul de a depune pl\u00e2ngere la ANSPDCP<\/p>\n<\/li>\n<\/ul>\n<hr data-start=\"4250\" data-end=\"4253\" \/>\n<h2 data-start=\"4255\" data-end=\"4285\">11. Exercitarea drepturilor<\/h2>\n<p data-start=\"4287\" data-end=\"4379\">Pentru exercitarea drepturilor GDPR, persoana vizat\u0103 poate transmite o solicitare scris\u0103 la:<\/p>\n<p data-start=\"4381\" data-end=\"4408\">\ud83d\udce7 <strong data-start=\"4384\" data-end=\"4408\">contact[at]simplo.ro<\/strong><\/p>\n<p data-start=\"4410\" data-end=\"4493\">Solicit\u0103rile vor fi solu\u021bionate \u00een termen de <strong data-start=\"4455\" data-end=\"4492\">maximum 30 de zile calendaristice<\/strong>.<\/p>\n<hr data-start=\"4495\" data-end=\"4498\" \/>\n<h2 data-start=\"4500\" data-end=\"4526\">12. Securitatea datelor<\/h2>\n<p data-start=\"4528\" data-end=\"4605\">Operatorul implementeaz\u0103 m\u0103suri tehnice \u0219i organizatorice adecvate, inclusiv:<\/p>\n<ul data-start=\"4606\" data-end=\"4717\">\n<li data-start=\"4606\" data-end=\"4635\">\n<p data-start=\"4608\" data-end=\"4635\">acces restric\u021bionat la date<\/p>\n<\/li>\n<li data-start=\"4636\" data-end=\"4646\">\n<p data-start=\"4638\" data-end=\"4646\">criptare<\/p>\n<\/li>\n<li data-start=\"4647\" data-end=\"4673\">\n<p data-start=\"4649\" data-end=\"4673\">sisteme de securitate IT<\/p>\n<\/li>\n<li data-start=\"4674\" data-end=\"4691\">\n<p data-start=\"4676\" data-end=\"4691\">backup periodic<\/p>\n<\/li>\n<li data-start=\"4692\" data-end=\"4717\">\n<p data-start=\"4694\" data-end=\"4717\">instruirea personalului<\/p>\n<\/li>\n<\/ul>\n<hr data-start=\"4719\" data-end=\"4722\" \/>\n<h2 data-start=\"4724\" data-end=\"4775\">13. \u00cenc\u0103lcarea securit\u0103\u021bii datelor (Data Breach)<\/h2>\n<p data-start=\"4777\" data-end=\"4823\">\u00cen cazul unei \u00eenc\u0103lc\u0103ri a securit\u0103\u021bii datelor:<\/p>\n<ul data-start=\"4824\" data-end=\"5004\">\n<li data-start=\"4824\" data-end=\"4896\">\n<p data-start=\"4826\" data-end=\"4896\">Operatorul va notifica ANSPDCP \u00een termen de 72 de ore, dac\u0103 este cazul<\/p>\n<\/li>\n<li data-start=\"4897\" data-end=\"5004\">\n<p data-start=\"4899\" data-end=\"5004\">persoanele vizate vor fi informate, dac\u0103 exist\u0103 un risc ridicat pentru drepturile \u0219i libert\u0103\u021bile acestora<\/p>\n<\/li>\n<\/ul>\n<hr data-start=\"5006\" data-end=\"5009\" \/>\n<h2 data-start=\"5011\" data-end=\"5024\">14. Minori<\/h2>\n<p data-start=\"5026\" data-end=\"5151\">Site-ul <strong data-start=\"5034\" data-end=\"5047\">simplo.ro<\/strong> nu este destinat persoanelor sub 18 ani.<br data-start=\"5088\" data-end=\"5091\" \/>Operatorul nu colecteaz\u0103 cu bun\u0103 \u0219tiin\u021b\u0103 date ale minorilor.<\/p>\n<hr data-start=\"5153\" data-end=\"5156\" \/>\n<h2 data-start=\"5158\" data-end=\"5194\">15. Modific\u0103ri ale politicii GDPR<\/h2>\n<p data-start=\"5196\" data-end=\"5349\">Operatorul \u00ee\u0219i rezerv\u0103 dreptul de a modifica prezenta politic\u0103.<br data-start=\"5259\" data-end=\"5262\" \/>Versiunea actualizat\u0103 va fi publicat\u0103 pe site \u0219i este aplicabil\u0103 de la data public\u0103rii.<\/p>\n<hr data-start=\"5351\" data-end=\"5354\" \/>\n<h2 data-start=\"5356\" data-end=\"5390\">16. Autoritatea de supraveghere<\/h2>\n<p data-start=\"5392\" data-end=\"5431\">Autoritatea competent\u0103 \u00een Rom\u00e2nia este:<\/p>\n<p data-start=\"5433\" data-end=\"5471\"><strong data-start=\"5433\" data-end=\"5444\">ANSPDCP<\/strong><br data-start=\"5444\" data-end=\"5447\" \/>\ud83d\udccd <a class=\"decorated-link cursor-pointer\" target=\"_new\" rel=\"noopener\" data-start=\"5450\" data-end=\"5471\">www.dataprotection.ro<\/a><\/p>\n<p>[\/vc_column_text][\/vc_column][\/vc_row]<\/p>\n","protected":false},"excerpt":{"rendered":"<p>[vc_row][vc_column][vc_column_text] 1. Operatorul de date Operatorul datelor cu caracter personal este WEB MEDIA CONCEPT SRL, cu sediul social \u00een Municipiul Bucure\u0219ti, Sector 6, \u0218os. Virtu\u021bii, Nr. 19D, Birou B, Romania,<\/p>\n","protected":false},"author":1,"featured_media":0,"parent":0,"menu_order":0,"comment_status":"closed","ping_status":"closed","template":"","meta":{"_acf_changed":false,"footnotes":""},"class_list":["post-5357","page","type-page","status-publish","hentry"],"acf":[],"_links":{"self":[{"href":"https:\/\/simplo.ro\/index.php\/wp-json\/wp\/v2\/pages\/5357","targetHints":{"allow":["GET"]}}],"collection":[{"href":"https:\/\/simplo.ro\/index.php\/wp-json\/wp\/v2\/pages"}],"about":[{"href":"https:\/\/simplo.ro\/index.php\/wp-json\/wp\/v2\/types\/page"}],"author":[{"embeddable":true,"href":"https:\/\/simplo.ro\/index.php\/wp-json\/wp\/v2\/users\/1"}],"replies":[{"embeddable":true,"href":"https:\/\/simplo.ro\/index.php\/wp-json\/wp\/v2\/comments?post=5357"}],"version-history":[{"count":3,"href":"https:\/\/simplo.ro\/index.php\/wp-json\/wp\/v2\/pages\/5357\/revisions"}],"predecessor-version":[{"id":5380,"href":"https:\/\/simplo.ro\/index.php\/wp-json\/wp\/v2\/pages\/5357\/revisions\/5380"}],"wp:attachment":[{"href":"https:\/\/simplo.ro\/index.php\/wp-json\/wp\/v2\/media?parent=5357"}],"curies":[{"name":"wp","href":"https:\/\/api.w.org\/{rel}","templated":true}]}}